{"id":240,"date":"2023-10-07T19:10:01","date_gmt":"2023-10-07T22:10:01","guid":{"rendered":"https:\/\/damian.com.br\/chapas\/?page_id=240"},"modified":"2024-05-31T18:54:48","modified_gmt":"2024-05-31T21:54:48","slug":"quadros_de_energia_eletrica","status":"publish","type":"page","link":"https:\/\/damian.com.br\/chapas\/quadros_de_energia_eletrica\/","title":{"rendered":"Solu\u00e7\u00f5es em Medi\u00e7\u00e3o, Distribui\u00e7\u00e3o de energia el\u00e9trica e hidr\u00e1ulica"},"content":{"rendered":"\n<p><strong>Nossos produtos direcionados a energia el\u00e9trica e hidr\u00e1ulica s\u00e3o homologados em todos os estados brasileiros, tornando-se a maior fabricante de caixas em material polim\u00e9rico da Am\u00e9rica Latina.<\/strong><\/p>\n\n\n\n<p>Exportamos nossa tecnologia para mais de 26 pa\u00edses incluindo \u00c1frica, Am\u00e9rica do Sul e Central.<\/p>\n\n\n\n<p>Atendemos as mais altas normas e exig\u00eancias do mercado no que se refere a qualidade, ergonomia, resist\u00eancia, anti-chama etc.<\/p>\n\n\n\n<div class=\"wp-block-group has-primary-background-color has-background has-global-padding is-layout-constrained wp-container-core-group-is-layout-80fb368b wp-block-group-is-layout-constrained\" style=\"border-radius:14px;padding-top:var(--wp--preset--spacing--30);padding-right:var(--wp--preset--spacing--30);padding-bottom:var(--wp--preset--spacing--30);padding-left:var(--wp--preset--spacing--30)\">\n<h2 class=\"wp-block-heading has-text-align-center has-large-font-size\">Desenvolvimento de solu\u00e7\u00f5es na \u00e1rea de medi\u00e7\u00e3o e distribui\u00e7\u00e3o de energia el\u00e9trica e hidr\u00e1ulica.<\/h2>\n\n\n\n<p>Padr\u00e3o RGE, CPFL e outros.<\/p>\n\n\n\n<p>\u200b\u2022 Empresa certificada ISO 9001\/2008;<\/p>\n\n\n\n<p>\u200b\u2022 Sistema da qualidade operando desde 2004;<\/p>\n\n\n\n<p>\u200b\u2022 Laborat\u00f3rio completo para realiza\u00e7\u00e3o dos ensaios exigidos por todas as companhias.<\/p>\n<\/div>\n\n\n\n<div class=\"wp-block-group has-base-color has-secondary-background-color has-text-color has-background has-global-padding is-layout-constrained wp-container-core-group-is-layout-80fb368b wp-block-group-is-layout-constrained\" style=\"border-radius:14px;padding-top:var(--wp--preset--spacing--30);padding-right:var(--wp--preset--spacing--30);padding-bottom:var(--wp--preset--spacing--30);padding-left:var(--wp--preset--spacing--30)\">\n<h2 class=\"wp-block-heading has-text-align-center has-large-font-size\">Quadro de Medi\u00e7\u00e3o <\/h2>\n\n\n\n<p>O quadro de medi\u00e7\u00e3o \u00e9 o componente respons\u00e1vel por distribuir a energia da rede de energia el\u00e9trica em cada circuito. Alojando um ou mais dispositivos de prote\u00e7\u00e3o, as conex\u00f5es de condutores el\u00e9tricos s\u00e3o interligados a estes elementos, a fim de distribuir energia aos diversos circuitos do edif\u00edcio ou casa.<\/p>\n\n\n\n<p>A TAF f\u00e1brica projetos 100% personalizados, com qualidade, efici\u00eancia e seguran\u00e7a para voc\u00ea e sua fam\u00edlia!<\/p>\n\n\n\n<p>TAF, Nacional com Qualidade Global \u26a1\ufe0f<\/p>\n\n\n\n<figure class=\"wp-block-image size-full\"><img loading=\"lazy\" decoding=\"async\" width=\"638\" height=\"382\" src=\"https:\/\/damian.com.br\/chapas\/wp-content\/uploads\/2023\/10\/quadros-medicao-e-agrupamento-.png\" alt=\"\" class=\"wp-image-242\" srcset=\"https:\/\/damian.com.br\/chapas\/wp-content\/uploads\/2023\/10\/quadros-medicao-e-agrupamento-.png 638w, https:\/\/damian.com.br\/chapas\/wp-content\/uploads\/2023\/10\/quadros-medicao-e-agrupamento--300x180.png 300w\" sizes=\"auto, (max-width: 638px) 100vw, 638px\" \/><figcaption class=\"wp-element-caption\">Quadro de medi\u00e7\u00e3o de energia el\u00e9trica<\/figcaption><\/figure>\n<\/div>\n\n\n\n<h3 class=\"wp-block-heading has-text-align-center has-large-font-size\"><a href=\"mailto:jonas@damian.com.br\" title=\"projetoquadro\">Envie seu projeto e receba o or\u00e7amento Personalizado<\/a><\/h3>\n\n\n\n<p><\/p>\n","protected":false},"excerpt":{"rendered":"<p>Nossos produtos direcionados a energia el\u00e9trica e hidr\u00e1ulica s\u00e3o homologados em todos os estados brasileiros, tornando-se a maior fabricante de caixas em material polim\u00e9rico da Am\u00e9rica Latina. Exportamos nossa tecnologia para mais de 26 pa\u00edses incluindo \u00c1frica, Am\u00e9rica do Sul e Central. Atendemos as mais altas normas e exig\u00eancias do mercado no que se refere [&hellip;]<\/p>\n","protected":false},"author":1,"featured_media":96,"parent":0,"menu_order":0,"comment_status":"closed","ping_status":"closed","template":"pagina-chapas-de-compensado","meta":{"footnotes":""},"class_list":["post-240","page","type-page","status-publish","has-post-thumbnail","hentry"],"aioseo_notices":[],"_links":{"self":[{"href":"https:\/\/damian.com.br\/chapas\/wp-json\/wp\/v2\/pages\/240","targetHints":{"allow":["GET"]}}],"collection":[{"href":"https:\/\/damian.com.br\/chapas\/wp-json\/wp\/v2\/pages"}],"about":[{"href":"https:\/\/damian.com.br\/chapas\/wp-json\/wp\/v2\/types\/page"}],"author":[{"embeddable":true,"href":"https:\/\/damian.com.br\/chapas\/wp-json\/wp\/v2\/users\/1"}],"replies":[{"embeddable":true,"href":"https:\/\/damian.com.br\/chapas\/wp-json\/wp\/v2\/comments?post=240"}],"version-history":[{"count":8,"href":"https:\/\/damian.com.br\/chapas\/wp-json\/wp\/v2\/pages\/240\/revisions"}],"predecessor-version":[{"id":272,"href":"https:\/\/damian.com.br\/chapas\/wp-json\/wp\/v2\/pages\/240\/revisions\/272"}],"wp:featuredmedia":[{"embeddable":true,"href":"https:\/\/damian.com.br\/chapas\/wp-json\/wp\/v2\/media\/96"}],"wp:attachment":[{"href":"https:\/\/damian.com.br\/chapas\/wp-json\/wp\/v2\/media?parent=240"}],"curies":[{"name":"wp","href":"https:\/\/api.w.org\/{rel}","templated":true}]}}