{"id":222,"date":"2023-10-07T17:50:57","date_gmt":"2023-10-07T20:50:57","guid":{"rendered":"https:\/\/damian.com.br\/chapas\/?page_id=222"},"modified":"2024-05-31T18:04:00","modified_gmt":"2024-05-31T21:04:00","slug":"principais-diferencas-entre-os-compensados-navalmaritimo-e-cola-branca","status":"publish","type":"page","link":"https:\/\/damian.com.br\/chapas\/principais-diferencas-entre-os-compensados-navalmaritimo-e-cola-branca\/","title":{"rendered":"Principais diferen\u00e7as entre compensados Naval(Mar\u00edtimo) e Cola Branca"},"content":{"rendered":"\n<div class=\"wp-block-group has-base-color has-secondary-background-color has-text-color has-background has-medium-font-size has-global-padding is-layout-constrained wp-container-core-group-is-layout-eb5a687c wp-block-group-is-layout-constrained\" style=\"border-style:none;border-width:0px;border-radius:30px;margin-top:var(--wp--preset--spacing--30);margin-bottom:var(--wp--preset--spacing--30)\">\n<div style=\"height:22px\" aria-hidden=\"true\" class=\"wp-block-spacer\"><\/div>\n\n\n\n<p class=\"has-text-align-center\" style=\"margin-top:var(--wp--preset--spacing--30);margin-right:var(--wp--preset--spacing--30);margin-bottom:var(--wp--preset--spacing--30);margin-left:var(--wp--preset--spacing--30)\">As chapas de compensado multilaminados s\u00e3o materiais de m\u00e1xima qualidade, produzidos com madeira de reflorestamento, de modo sustent\u00e1vel e respons\u00e1vel com o meio ambiente.<br><br>A preocupa\u00e7\u00e3o com a natureza \u00e9 uma constante em nosso trabalho.<\/p>\n\n\n\n<div style=\"height:25px\" aria-hidden=\"true\" class=\"wp-block-spacer\"><\/div>\n<\/div>\n\n\n\n<p>N\u00e3o existe um tipo \u00fanico de compensado. <\/p>\n\n\n\n<p>Eles se diferenciam principalmente pelo tratamento e cola utilizados em sua fabrica\u00e7\u00e3o.<\/p>\n\n\n\n<p>Falando especificamente dos compensados <strong>Mar\u00edtimo e Cola Branca<\/strong>, temos dois materiais de extrema qualidade que se diferenciam em rela\u00e7\u00e3o a resist\u00eancia \u00e0 \u00e1gua.<br><br>O Compensado Mar\u00edtimo, como o nome j\u00e1 denota, oferece maior resist\u00eancia a umidade, sendo o tipo de material ideal para empregar em ambientes mais \u00famidos como banheiro, cozinha e lavanderia. J\u00e1 o Cola Branca \u00e9 mais utilizado por quem busca custo\/benef\u00edcio na fabrica\u00e7\u00e3o de m\u00f3veis e outras utiliza\u00e7\u00f5es onde n\u00e3o se tem contato com a \u00e1gua.<br><br>O tipo certo de compensado para seu projeto, voc\u00ea encontra na aqui<\/p>\n\n\n\n<p><br>Fale com nossa equipe especializada e solicite um or\u00e7amento.<\/p>\n\n\n\n<div class=\"wp-block-group has-secondary-background-color has-background has-global-padding is-content-justification-center is-layout-constrained wp-container-core-group-is-layout-bb2ebb4f wp-block-group-is-layout-constrained\" style=\"border-radius:14px;margin-top:var(--wp--preset--spacing--30);margin-bottom:var(--wp--preset--spacing--30);padding-top:var(--wp--preset--spacing--30);padding-right:var(--wp--preset--spacing--30);padding-bottom:var(--wp--preset--spacing--30);padding-left:var(--wp--preset--spacing--30)\">\n<h1 class=\"wp-block-heading has-text-align-center has-primary-background-color has-background has-large-font-size\" id=\"vantagens\" style=\"margin-top:0;margin-right:0;margin-bottom:0;margin-left:0\"><strong>Vantagens do compensado na Constru\u00e7\u00e3o<\/strong><\/h1>\n\n\n\n<p class=\"has-tertiary-color has-text-color\">Os compensados possuem muita qualidade e re\u00fanem caracter\u00edsticas espec\u00edficas que valorizam e auxiliam sua obra.<br><br>A principal vantagem do compensado de uso permanente \u00e9 a variedade do uso. O compensado mar\u00edtimo e cola branca s\u00e3o indicados para constru\u00e7\u00e3o de divis\u00f3rias, mezaninos, fabrica\u00e7\u00e3o de portas e janelas al\u00e9m de ser muito usado pela ind\u00fastria moveleira. J\u00e1 o Plastificado e Fen\u00f3lico \u00e9 amplamente usado na constru\u00e7\u00e3o civil na montagem da laje para concretagem. Tamb\u00e9m \u00e9 indicado para fabrica\u00e7\u00e3o de caixarias e f\u00f4rmas de concreto.<br><br>O compensado de uso tempor\u00e1rio Cola Branca de Pinus ou Virola s\u00e3o mais utilizados para tapumes e uso geral. Uma dica para escolher este tipo de compensado \u00e9: avaliar qual a durabilidade necess\u00e1ria do compensado na obra.<\/p>\n<\/div>\n\n\n\n<div id=\"plastificado\" class=\"wp-block-group has-primary-background-color has-background has-global-padding is-layout-constrained wp-block-group-is-layout-constrained\" style=\"border-radius:14px\">\n<h2 class=\"wp-block-heading has-text-align-center has-large-font-size\">Chapa de compensado Plastificado<\/h2>\n\n\n\n<div class=\"wp-block-media-text is-stacked-on-mobile\"><figure class=\"wp-block-media-text__media\"><img loading=\"lazy\" decoding=\"async\" width=\"201\" height=\"315\" src=\"https:\/\/damian.com.br\/chapas\/wp-content\/uploads\/2023\/09\/plastificada.png\" alt=\"Resinado Plastificado Cola Fen\u00f3lica\" class=\"wp-image-118 size-full\" srcset=\"https:\/\/damian.com.br\/chapas\/wp-content\/uploads\/2023\/09\/plastificada.png 201w, https:\/\/damian.com.br\/chapas\/wp-content\/uploads\/2023\/09\/plastificada-191x300.png 191w\" sizes=\"auto, (max-width: 201px) 100vw, 201px\" \/><\/figure><div class=\"wp-block-media-text__content\">\n<p>O compensado plastificado possui uma pel\u00edcula filme em sua parte externa, o que d\u00e1 um aspecto parecido com pl\u00e1stico, por isso o nome. <br><br>As principais vantagens do compensado plastificado est\u00e3o em sua durabilidade e resist\u00eancia, oferecendo \u00f3timo custo\/benef\u00edcio se comparado a outros tipos de materiais. <br><br>Por conta disso, s\u00e3o muito usados em:<br>? Caixas e f\u00f4rmas de concretagem<br>? Constru\u00e7\u00e3o de andaimes<br>? Caixaria para obra.<br>? F\u00f4rmas para concretagem de laje.<br>? Tapumes.<br>? Entre outras aplica\u00e7\u00f5es.<\/p>\n<\/div><\/div>\n<\/div>\n\n\n\n<div id=\"virola\" class=\"wp-block-group has-primary-background-color has-background has-global-padding is-layout-constrained wp-block-group-is-layout-constrained\" style=\"border-radius:14px\">\n<h2 class=\"wp-block-heading has-text-align-center has-large-font-size\" style=\"text-transform:none\">Chapa de Compensado Capa de Virola<\/h2>\n\n\n\n<div class=\"wp-block-media-text is-stacked-on-mobile\"><figure class=\"wp-block-media-text__media\"><img loading=\"lazy\" decoding=\"async\" width=\"201\" height=\"315\" src=\"https:\/\/damian.com.br\/chapas\/wp-content\/uploads\/2023\/09\/moveleiro-virola.png\" alt=\"chapa de compensado capa de virola\" class=\"wp-image-119 size-full\" srcset=\"https:\/\/damian.com.br\/chapas\/wp-content\/uploads\/2023\/09\/moveleiro-virola.png 201w, https:\/\/damian.com.br\/chapas\/wp-content\/uploads\/2023\/09\/moveleiro-virola-191x300.png 191w\" sizes=\"auto, (max-width: 201px) 100vw, 201px\" \/><\/figure><div class=\"wp-block-media-text__content\">\n<p>1 \u2013 Visual e acabamento<\/p>\n\n\n\n<p>A virola tem como principal caracter\u00edstica o fato de ter uma superf\u00edcie lisa e a aus\u00eancia de n\u00f3s em seu visual. Isso possibilita que o material seja utilizado, sobretudo, na capa e contracapa do compensado, ajudando bastante em acabamentos de m\u00f3veis.<\/p>\n<\/div><\/div>\n\n\n\n<div style=\"height:18px\" aria-hidden=\"true\" class=\"wp-block-spacer\"><\/div>\n<\/div>\n\n\n\n<p id=\"cuidados\">Os compensados s\u00e3o materiais resistentes e dur\u00e1veis. Ainda assim, \u00e9 preciso ter um cuidado di\u00e1ria para preserva\u00e7\u00e3o dos seus m\u00f3veis e garantir que eles mantenham seu aspecto bonito. Reunimos algumas dicas para te ajudar:<br><br>? MANTENHA O COMPENSADO SECO: mesmo os compensados mar\u00edtimos, que s\u00e3o resistentes \u00e0 umidade, n\u00e3o devem ficar molhados por muito tempo, a fim de evitar deforma\u00e7\u00f5es e rachaduras.<\/p>\n\n\n\n<p><br>? LIMPE REGULARMENTE: \u00e9 recomendado limpar o compensado com um pano \u00famido e detergente neutro para evitar o ac\u00famulo de sujeira e poeira que podem danificar a superf\u00edcie.<\/p>\n\n\n\n<p><br>? EVITE EXPOSI\u00c7\u00c3O PROLONGADA \u00c0 LUZ SOLAR: a exposi\u00e7\u00e3o excessiva \u00e0 luz solar pode causar descolora\u00e7\u00e3o e rachaduras na superf\u00edcie do compensado.<\/p>\n\n\n\n<p><br>? PROTEJA AS BORDAS: elas s\u00e3o mais vulner\u00e1veis a danos. Uma dica \u00e9 usar fita adesiva ou selador de bordas antes de cortar ou manusear.<\/p>\n\n\n\n<p><br>? CAMADA PROTETORA: Pode ser usado verniz, tinta ou mesmo selador para proteger o compensado contra desgaste e desbotamento. Lembrando que a prote\u00e7\u00e3o deve ser adequada ao tipo de compensado e a finalidade do projeto.<\/p>\n\n\n\n<p><\/p>\n","protected":false},"excerpt":{"rendered":"<p>As chapas de compensado multilaminados s\u00e3o materiais de m\u00e1xima qualidade, produzidos com madeira de reflorestamento, de modo sustent\u00e1vel e respons\u00e1vel com o meio ambiente. A preocupa\u00e7\u00e3o com a natureza \u00e9 uma constante em nosso trabalho. N\u00e3o existe um tipo \u00fanico de compensado. Eles se diferenciam principalmente pelo tratamento e cola utilizados em sua fabrica\u00e7\u00e3o. Falando [&hellip;]<\/p>\n","protected":false},"author":1,"featured_media":0,"parent":0,"menu_order":0,"comment_status":"closed","ping_status":"closed","template":"pagina-chapas-de-compensado","meta":{"footnotes":""},"class_list":["post-222","page","type-page","status-publish","hentry"],"aioseo_notices":[],"_links":{"self":[{"href":"https:\/\/damian.com.br\/chapas\/wp-json\/wp\/v2\/pages\/222","targetHints":{"allow":["GET"]}}],"collection":[{"href":"https:\/\/damian.com.br\/chapas\/wp-json\/wp\/v2\/pages"}],"about":[{"href":"https:\/\/damian.com.br\/chapas\/wp-json\/wp\/v2\/types\/page"}],"author":[{"embeddable":true,"href":"https:\/\/damian.com.br\/chapas\/wp-json\/wp\/v2\/users\/1"}],"replies":[{"embeddable":true,"href":"https:\/\/damian.com.br\/chapas\/wp-json\/wp\/v2\/comments?post=222"}],"version-history":[{"count":13,"href":"https:\/\/damian.com.br\/chapas\/wp-json\/wp\/v2\/pages\/222\/revisions"}],"predecessor-version":[{"id":263,"href":"https:\/\/damian.com.br\/chapas\/wp-json\/wp\/v2\/pages\/222\/revisions\/263"}],"wp:attachment":[{"href":"https:\/\/damian.com.br\/chapas\/wp-json\/wp\/v2\/media?parent=222"}],"curies":[{"name":"wp","href":"https:\/\/api.w.org\/{rel}","templated":true}]}}